{"id":11614,"date":"2024-02-16T13:12:49","date_gmt":"2024-02-16T12:12:49","guid":{"rendered":"https:\/\/lenaline.com\/about-me\/"},"modified":"2026-01-14T15:22:32","modified_gmt":"2026-01-14T14:22:32","slug":"about-me","status":"publish","type":"page","link":"https:\/\/lenaline.com\/en\/about-me\/","title":{"rendered":"About me"},"content":{"rendered":"\t\t<div data-elementor-type=\"wp-page\" data-elementor-id=\"11614\" class=\"elementor elementor-11614 elementor-8109\" data-elementor-post-type=\"page\">\n\t\t\t\t<div class=\"elementor-element elementor-element-2f14d02 e-flex e-con-boxed e-con e-parent\" data-id=\"2f14d02\" data-element_type=\"container\" data-e-type=\"container\" data-settings=\"{&quot;background_background&quot;:&quot;classic&quot;,&quot;jet_parallax_layout_list&quot;:[]}\">\n\t\t\t\t\t<div class=\"e-con-inner\">\n\t\t<div class=\"elementor-element elementor-element-a291cb0 e-con-full e-flex e-con e-child\" data-id=\"a291cb0\" data-element_type=\"container\" data-e-type=\"container\" data-settings=\"{&quot;jet_parallax_layout_list&quot;:[]}\">\n\t\t\t\t<div class=\"elementor-element elementor-element-d4a00eb elementor-widget elementor-widget-image\" data-id=\"d4a00eb\" data-element_type=\"widget\" data-e-type=\"widget\" data-widget_type=\"image.default\">\n\t\t\t\t\t\t\t\t\t\t\t\t\t\t\t<img decoding=\"async\" width=\"38\" height=\"12\" src=\"https:\/\/lenaline.com\/wp-content\/uploads\/2025\/11\/Frame-2.svg\" class=\"attachment-large size-large wp-image-12897\" alt=\"\" \/>\t\t\t\t\t\t\t\t\t\t\t\t\t\t\t<\/div>\n\t\t\t\t<div class=\"elementor-element elementor-element-d8aaf95 elementor-widget elementor-widget-heading\" data-id=\"d8aaf95\" data-element_type=\"widget\" data-e-type=\"widget\" data-widget_type=\"heading.default\">\n\t\t\t\t\t<h1 class=\"elementor-heading-title elementor-size-default\">About me<\/h1>\t\t\t\t<\/div>\n\t\t\t\t<div class=\"elementor-element elementor-element-af6fcd4 jet-breadcrumbs-align-center elementor-widget elementor-widget-jet-breadcrumbs\" data-id=\"af6fcd4\" data-element_type=\"widget\" data-e-type=\"widget\" data-widget_type=\"jet-breadcrumbs.default\">\n\t\t\t\t<div class=\"elementor-widget-container\">\n\t\t\t\t\t<div class=\"elementor-jet-breadcrumbs jet-blocks\">\n\t\t<div class=\"jet-breadcrumbs\">\n\t\t<div class=\"jet-breadcrumbs__content\">\n\t\t<div class=\"jet-breadcrumbs__wrap\"><div class=\"jet-breadcrumbs__item\"><a href=\"https:\/\/lenaline.com\/en\/\" class=\"jet-breadcrumbs__item-link is-home\" rel=\"home\" title=\"Sewing classes in Li\u00e8ge\">Sewing classes in Li\u00e8ge<\/a><\/div>\n\t\t<\/div>\n\t\t<\/div>\n\t\t<\/div><\/div>\t\t\t\t<\/div>\n\t\t\t\t<\/div>\n\t\t\t\t<\/div>\n\t\t\t\t\t<\/div>\n\t\t\t\t<\/div>\n\t\t<div class=\"elementor-element elementor-element-ff57009 e-flex e-con-boxed e-con e-parent\" data-id=\"ff57009\" data-element_type=\"container\" data-e-type=\"container\" data-settings=\"{&quot;background_background&quot;:&quot;classic&quot;,&quot;jet_parallax_layout_list&quot;:[],&quot;background_motion_fx_motion_fx_scrolling&quot;:&quot;yes&quot;,&quot;background_motion_fx_translateY_effect&quot;:&quot;yes&quot;,&quot;background_motion_fx_translateY_speed&quot;:{&quot;unit&quot;:&quot;px&quot;,&quot;size&quot;:6.8,&quot;sizes&quot;:[]},&quot;background_motion_fx_translateY_affectedRange&quot;:{&quot;unit&quot;:&quot;%&quot;,&quot;size&quot;:&quot;&quot;,&quot;sizes&quot;:{&quot;start&quot;:0,&quot;end&quot;:100}},&quot;background_motion_fx_devices&quot;:[&quot;desktop&quot;,&quot;tablet&quot;,&quot;mobile&quot;]}\">\n\t\t\t\t\t<div class=\"e-con-inner\">\n\t\t<div class=\"elementor-element elementor-element-1b5bc73 e-con-full e-flex e-con e-child\" data-id=\"1b5bc73\" data-element_type=\"container\" data-e-type=\"container\" data-settings=\"{&quot;jet_parallax_layout_list&quot;:[]}\">\n\t\t<div class=\"elementor-element elementor-element-41ca554 e-con-full e-flex e-con e-child\" data-id=\"41ca554\" data-element_type=\"container\" data-e-type=\"container\" data-settings=\"{&quot;jet_parallax_layout_list&quot;:[]}\">\n\t\t\t\t<div class=\"elementor-element elementor-element-0fd18ea elementor-widget elementor-widget-heading\" data-id=\"0fd18ea\" data-element_type=\"widget\" data-e-type=\"widget\" data-widget_type=\"heading.default\">\n\t\t\t\t\t<div class=\"elementor-heading-title elementor-size-default\">Hi there!\n<\/div>\t\t\t\t<\/div>\n\t\t\t\t<div class=\"elementor-element elementor-element-8035e79 elementor-widget elementor-widget-heading\" data-id=\"8035e79\" data-element_type=\"widget\" data-e-type=\"widget\" data-widget_type=\"heading.default\">\n\t\t\t\t\t<h2 class=\"elementor-heading-title elementor-size-default\">I\u2019m L\u00e9na - the author, creator and owner of the Lenaline brand\n<\/h2>\t\t\t\t<\/div>\n\t\t\t\t<div class=\"elementor-element elementor-element-647901d elementor-widget elementor-widget-spacer\" data-id=\"647901d\" data-element_type=\"widget\" data-e-type=\"widget\" data-widget_type=\"spacer.default\">\n\t\t\t\t\t\t\t<div class=\"elementor-spacer\">\n\t\t\t<div class=\"elementor-spacer-inner\"><\/div>\n\t\t<\/div>\n\t\t\t\t\t\t<\/div>\n\t\t\t\t<div class=\"elementor-element elementor-element-65379d0 elementor-widget elementor-widget-text-editor\" data-id=\"65379d0\" data-element_type=\"widget\" data-e-type=\"widget\" data-widget_type=\"text-editor.default\">\n\t\t\t\t\t\t\t\t\tI am interested in sewing and designing clothes. Here you can find and buy my original patterns and fabrics for sewing\t\t\t\t\t\t\t\t<\/div>\n\t\t\t\t<div class=\"elementor-element elementor-element-bfe9d37 elementor-widget elementor-widget-spacer\" data-id=\"bfe9d37\" data-element_type=\"widget\" data-e-type=\"widget\" data-widget_type=\"spacer.default\">\n\t\t\t\t\t\t\t<div class=\"elementor-spacer\">\n\t\t\t<div class=\"elementor-spacer-inner\"><\/div>\n\t\t<\/div>\n\t\t\t\t\t\t<\/div>\n\t\t\t\t<div class=\"elementor-element elementor-element-a8ed10e elementor-widget elementor-widget-image\" data-id=\"a8ed10e\" data-element_type=\"widget\" data-e-type=\"widget\" data-widget_type=\"image.default\">\n\t\t\t\t\t\t\t\t\t\t\t\t\t\t\t<img fetchpriority=\"high\" decoding=\"async\" width=\"426\" height=\"284\" src=\"https:\/\/lenaline.com\/wp-content\/uploads\/2024\/02\/lenaline-studio.jpg\" class=\"attachment-large size-large wp-image-11748\" alt=\"\" srcset=\"https:\/\/lenaline.com\/wp-content\/uploads\/2024\/02\/lenaline-studio.jpg 426w, https:\/\/lenaline.com\/wp-content\/uploads\/2024\/02\/lenaline-studio-200x133.jpg 200w, https:\/\/lenaline.com\/wp-content\/uploads\/2024\/02\/lenaline-studio-400x267.jpg 400w\" sizes=\"(max-width: 426px) 100vw, 426px\" \/>\t\t\t\t\t\t\t\t\t\t\t\t\t\t\t<\/div>\n\t\t\t\t<\/div>\n\t\t<div class=\"elementor-element elementor-element-49d7dab e-con-full e-flex e-con e-child\" data-id=\"49d7dab\" data-element_type=\"container\" data-e-type=\"container\" data-settings=\"{&quot;jet_parallax_layout_list&quot;:[]}\">\n\t\t<div class=\"elementor-element elementor-element-577d156 e-con-full e-flex elementor-invisible e-con e-child\" data-id=\"577d156\" data-element_type=\"container\" data-e-type=\"container\" data-settings=\"{&quot;background_background&quot;:&quot;classic&quot;,&quot;jet_parallax_layout_list&quot;:[],&quot;animation&quot;:&quot;fadeIn&quot;}\">\n\t\t\t\t<\/div>\n\t\t<div class=\"elementor-element elementor-element-a93cfb6 e-con-full e-flex e-con e-child\" data-id=\"a93cfb6\" data-element_type=\"container\" data-e-type=\"container\" data-settings=\"{&quot;jet_parallax_layout_list&quot;:[]}\">\n\t\t\t\t<div class=\"elementor-element elementor-element-cadd986 elementor-widget elementor-widget-heading\" data-id=\"cadd986\" data-element_type=\"widget\" data-e-type=\"widget\" data-widget_type=\"heading.default\">\n\t\t\t\t\t<div class=\"elementor-heading-title elementor-size-default\">I truly love what I do\n<\/div>\t\t\t\t<\/div>\n\t\t\t\t<div class=\"elementor-element elementor-element-4968a25 elementor-widget elementor-widget-text-editor\" data-id=\"4968a25\" data-element_type=\"widget\" data-e-type=\"widget\" data-widget_type=\"text-editor.default\">\n\t\t\t\t\t\t\t\t\tHaving studied my craft in detail, I hasten to share my experience with everyone who is also interested. Today, located in a very cozy and bright workshop, I wish my passion for fashion to all those who would like to discover its world! C&#8217;est une forme d&#8217;expression artistique qui offre \u00e0 chacun la possibilit\u00e9 de lib\u00e9rer sa cr\u00e9ativit\u00e9 \u00e0 son propre rythme.   \t\t\t\t\t\t\t\t<\/div>\n\t\t\t\t<div class=\"elementor-element elementor-element-3d84eb7 elementor-widget elementor-widget-text-editor\" data-id=\"3d84eb7\" data-element_type=\"widget\" data-e-type=\"widget\" data-widget_type=\"text-editor.default\">\n\t\t\t\t\t\t\t\t\t<p>Today, from a very cozy and bright workshop, I share my passion for fashion by organizing themed workshops. Whether you&#8217;re a passionate beginner or an experienced sewer, my workshops are suitable for all skill levels. Register now and discover the endless joy of bringing your ideas to life with needle and thread. Join the Lenaline community and make every stitch a work of art!   <\/p>\t\t\t\t\t\t\t\t<\/div>\n\t\t\t\t<div class=\"elementor-element elementor-element-62ef5a2 elementor-align-left elementor-widget elementor-widget-button\" data-id=\"62ef5a2\" data-element_type=\"widget\" data-e-type=\"widget\" data-widget_type=\"button.default\">\n\t\t\t\t\t\t\t\t\t\t<a class=\"elementor-button elementor-button-link elementor-size-sm\" href=\"\/cours\">\n\t\t\t\t\t\t<span class=\"elementor-button-content-wrapper\">\n\t\t\t\t\t\t\t\t\t<span class=\"elementor-button-text\">Discover the courses<\/span>\n\t\t\t\t\t<\/span>\n\t\t\t\t\t<\/a>\n\t\t\t\t\t\t\t\t<\/div>\n\t\t\t\t<\/div>\n\t\t\t\t<\/div>\n\t\t\t\t<\/div>\n\t\t\t\t\t<\/div>\n\t\t\t\t<\/div>\n\t\t\t\t<\/div>\n\t\t","protected":false},"excerpt":{"rendered":"<p>Cours de couture \u00e0 Li\u00e8ge Hi there! I\u2019m L\u00e9na &#8211; the author, creator and owner of the Lenaline brand I am interested in sewing and designing clothes. Here you can find and buy my original patterns and fabrics for sewing I truly love what I do Having studied my craft in detail, I hasten to [&hellip;]<\/p>\n","protected":false},"author":1,"featured_media":0,"parent":0,"menu_order":0,"comment_status":"closed","ping_status":"closed","template":"","meta":{"footnotes":""},"class_list":["post-11614","page","type-page","status-publish","hentry"],"_hostinger_reach_plugin_has_subscription_block":false,"_hostinger_reach_plugin_is_elementor":false,"_links":{"self":[{"href":"https:\/\/lenaline.com\/en\/wp-json\/wp\/v2\/pages\/11614","targetHints":{"allow":["GET"]}}],"collection":[{"href":"https:\/\/lenaline.com\/en\/wp-json\/wp\/v2\/pages"}],"about":[{"href":"https:\/\/lenaline.com\/en\/wp-json\/wp\/v2\/types\/page"}],"author":[{"embeddable":true,"href":"https:\/\/lenaline.com\/en\/wp-json\/wp\/v2\/users\/1"}],"replies":[{"embeddable":true,"href":"https:\/\/lenaline.com\/en\/wp-json\/wp\/v2\/comments?post=11614"}],"version-history":[{"count":2,"href":"https:\/\/lenaline.com\/en\/wp-json\/wp\/v2\/pages\/11614\/revisions"}],"predecessor-version":[{"id":15530,"href":"https:\/\/lenaline.com\/en\/wp-json\/wp\/v2\/pages\/11614\/revisions\/15530"}],"wp:attachment":[{"href":"https:\/\/lenaline.com\/en\/wp-json\/wp\/v2\/media?parent=11614"}],"curies":[{"name":"wp","href":"https:\/\/api.w.org\/{rel}","templated":true}]}}